{"id":379,"date":"2017-08-15T11:31:34","date_gmt":"2017-08-15T09:31:34","guid":{"rendered":"http:\/\/author.xophe.fr\/?page_id=379"},"modified":"2021-09-21T10:16:33","modified_gmt":"2021-09-21T08:16:33","slug":"libraires","status":"publish","type":"page","link":"https:\/\/xophe.fr\/fr_fr\/libraires\/","title":{"rendered":"Libraires"},"content":{"rendered":"<p>\r\n<section class=\"pos-r section-light hidden-xs hidden-sm \"  id=\"shortcode-b8f23d1300300fadeaddf085339cd6fd\" >\r\n\t\t<div class=\"fw-container\">\r\n\t\t<div class=\"fw-row\">\r\n\t\t\t<div id=\"shortcode-82e1389053671040ad00beb9967d8dfe\" class=\"fw-col-xs-12 fw-col-sm-12 fw-col-md-6 text-left \" >\r\n\t<\/div>\r\n<div id=\"shortcode-0dbc5b78b868836f63ebba8d3c36d680\" class=\"fw-col-xs-12 fw-col-sm-12 fw-col-md-6 text-left hidden-xs hidden-sm\" >\r\n\t<div class=\"SpecialHeading fw-heading  text-left mt-20 mb-60  \" id=\"shortcode-e95532e1c22ed58d5c65f39d1b8adb58\" >\r\n\t\t\t\t\t<h1 class=\"special-title special-heading-letter\">Libraires<\/h1>\t\t<div class=\"special-subtitle\">Passer commande<\/div>\r\n\t<\/div><\/div>\r\n\t\t<\/div>\r\n\t<\/div>\r\n\t<\/section>\r\n\r\n<section class=\"pos-r  \"  id=\"shortcode-29929a3a42de51574892ee528dc7712b\" >\r\n\t\t<div class=\"fw-container\">\r\n\t\t<div class=\"fw-row\">\r\n\t\t\t<div id=\"shortcode-97453270c0a67928a9bf4f96d371e3a4\" class=\"fw-col-xs-12 fw-col-sm-12 fw-col-md-6 text-left \" >\r\n\t\r\n\r\n<div class=\"TextBlock  \" id=\"shortcode-959a24dbd6b5c2af7b65896476cd0e09\" >\r\n\t<p>Vous \u00eates libraire et souhaitez commander les livres pr\u00e9sents sur ce site ?<br \/>Suivez le guide.<\/p><\/div><\/div>\r\n<div id=\"shortcode-2daf1d5ebd102e524d62015a81407c06\" class=\"fw-col-xs-12 fw-col-sm-12 fw-col-md-6 text-left \" >\r\n\t\r\n\r\n<div class=\"fw-accordion  \" id=\"shortcode-8458ff5b8990cc75c2992824375d2ad1\" >\r\n\t\t\t<h3 class=\"fw-accordion-title font-subheading\">Comment commander ?<\/h3>\r\n\t\t<div class=\"fw-accordion-content\">\r\n\t\t\t<p><p>Les commandes peuvent \u00eatre pass\u00e9es via le <a href=\"https:\/\/xophe.fr\/fr_fr\/contact-me\/\" target=\"_blank\">formulaire de contact<\/a>.<\/p><\/p>\r\n\t\t<\/div>\r\n\t\t\t<h3 class=\"fw-accordion-title font-subheading\">Aurais-je une facture ?<\/h3>\r\n\t\t<div class=\"fw-accordion-content\">\r\n\t\t\t<p><p>Oui. La facture sera avec franchise de TVA selon l'article 293 B du CGI. <\/p><\/p>\r\n\t\t<\/div>\r\n\t\t\t<h3 class=\"fw-accordion-title font-subheading\">Aurais-je une remise \"Libraire\" ?<\/h3>\r\n\t\t<div class=\"fw-accordion-content\">\r\n\t\t\t<p><p>Oui, vous disposerez d'une remise standard pour les librairies. <\/p><\/p>\r\n\t\t<\/div>\r\n\t\t\t<h3 class=\"fw-accordion-title font-subheading\">Quels sont les d\u00e9lais de livraison ?<\/h3>\r\n\t\t<div class=\"fw-accordion-content\">\r\n\t\t\t<p><p>Les d\u00e9lais de livraisons sont en g\u00e9n\u00e9ral de 7 jours ouvr\u00e9s, sauf cas d'indisponibilit\u00e9 temporaire du livre. <\/p><\/p>\r\n\t\t<\/div>\r\n\t\t\t<h3 class=\"fw-accordion-title font-subheading\">Quels sont les frais de livraison ?<\/h3>\r\n\t\t<div class=\"fw-accordion-content\">\r\n\t\t\t<p><p>Les frais d'exp\u00e9dition sont offerts aux libraires en France m\u00e9tropolitaine.<\/p><\/p>\r\n\t\t<\/div>\r\n\t<\/div><\/div>\r\n\t\t<\/div>\r\n\t<\/div>\r\n\t<\/section>\r\n<\/p>\n","protected":false},"excerpt":{"rendered":"<p>Libraires Passer commande Vous \u00eates libraire et souhaitez commander les livres pr\u00e9sents sur ce site ?Suivez le guide. Comment commander ? Les commandes peuvent \u00eatre pass\u00e9es via le formulaire de contact. Aurais-je une facture ? Oui. La facture sera avec franchise de TVA selon l&rsquo;article 293 B du CGI. Aurais-je une remise \u00ab\u00a0Libraire\u00a0\u00bb ? Oui,&#8230;<\/p>\n","protected":false},"author":2,"featured_media":0,"parent":0,"menu_order":0,"comment_status":"closed","ping_status":"closed","template":"","meta":{"footnotes":""},"class_list":["post-379","page","type-page","status-publish","hentry"],"acf":[],"_links":{"self":[{"href":"https:\/\/xophe.fr\/fr_fr\/wp-json\/wp\/v2\/pages\/379","targetHints":{"allow":["GET"]}}],"collection":[{"href":"https:\/\/xophe.fr\/fr_fr\/wp-json\/wp\/v2\/pages"}],"about":[{"href":"https:\/\/xophe.fr\/fr_fr\/wp-json\/wp\/v2\/types\/page"}],"author":[{"embeddable":true,"href":"https:\/\/xophe.fr\/fr_fr\/wp-json\/wp\/v2\/users\/2"}],"replies":[{"embeddable":true,"href":"https:\/\/xophe.fr\/fr_fr\/wp-json\/wp\/v2\/comments?post=379"}],"version-history":[{"count":8,"href":"https:\/\/xophe.fr\/fr_fr\/wp-json\/wp\/v2\/pages\/379\/revisions"}],"predecessor-version":[{"id":1282,"href":"https:\/\/xophe.fr\/fr_fr\/wp-json\/wp\/v2\/pages\/379\/revisions\/1282"}],"wp:attachment":[{"href":"https:\/\/xophe.fr\/fr_fr\/wp-json\/wp\/v2\/media?parent=379"}],"curies":[{"name":"wp","href":"https:\/\/api.w.org\/{rel}","templated":true}]}}