{"id":380,"date":"2017-08-15T11:30:53","date_gmt":"2017-08-15T09:30:53","guid":{"rendered":"http:\/\/author.xophe.fr\/?page_id=380"},"modified":"2021-08-01T11:27:41","modified_gmt":"2021-08-01T09:27:41","slug":"coming-soon","status":"publish","type":"page","link":"https:\/\/xophe.fr\/fr_fr\/coming-soon\/","title":{"rendered":"Nouveaut\u00e9s"},"content":{"rendered":"<p>\r\n<section class=\"pos-r  \"  id=\"shortcode-decd920933089a0e174ec396a61c771e\" >\r\n\t\t<div class=\"fw-container\">\r\n\t\t<div class=\"fw-row\">\r\n\t\t\t<div id=\"shortcode-439c2985d87ae51ec8c2d429d582eeb9\" class=\"fw-col-xs-12 fw-col-sm-12 fw-col-md-12 text-left \" >\r\n\t\r\n<div id=\"shortcode-19bca592dfb010c2c71fec99dd8e9c92\" class=\"UpcomingBookWrapper pos-r  \" >\r\n\r\n\r\n\t\t\t<div class=\"upcoming-book-image\">\r\n\t\t<div class=\"\" ><img decoding=\"async\" src=\"\/\/xophe.fr\/wp-content\/uploads\/2021\/07\/DR_FRONT_Couverture_v4_90_150.jpg\" alt=\"dessine et raconte\" \/><\/div>\t<\/div> <!-- end upcoming-book-image -->\r\n\r\n\t<div class=\"upcoming-book-content text-center\">\r\n\t\t\t\t<div class=\"special-link mb-60\">Vient de para\u00eetre<\/div>\r\n\t\t\t\t\t\t<div class=\"ElementHeading\">\r\n\t\t\t<h2 class=\"element-title\">Dessine et raconte<\/h2>\r\n\t\t<\/div>\r\n\t\t\t\t\t\t<div class=\"upcoming-book-release-date\">\r\n\t\t\t\t\t\t\t<span class=\"countdown-text font-heading\">Disponible \u00e0 la vente<\/span>\r\n\t\t\t\t\t<\/div>\r\n\r\n\t<\/div> <!-- end upcoming-book-content -->\r\n\r\n<\/div><!-- end UpcomingBookWrapper --><\/div>\r\n\t\t<\/div>\r\n\t<\/div>\r\n\t<\/section>\r\n\r\n<section class=\"pos-r  \"  id=\"shortcode-384e80c4aa7d5145f46909331d9166ea\" >\r\n\t\t<div class=\"fw-container\">\r\n\t\t<div class=\"fw-row\">\r\n\t\t\t\r\n\r\n<div class=\"BooksPanel  \" id=\"shortcode-1af73d052c4a4cf9243bd5a005cac99e\" >\r\n\t\r\n\t<div class=\"books-panel-container mt-40 row\">\r\n\r\n\t\r\n\t\t<div class=\"books-panel-item col-sm-6 col-xs-6\">\r\n\t\t\t<a href=\"https:\/\/xophe.fr\/fr_fr\/product\/dessine-et-raconte\/\" class=\"books-panel-item-wrap is-book-panel-trigger\" data-panel-show=\"145\">\r\n\t\t\t\t\t\t\t\t\t\t\t\t<div class=\"book-thumb-img-wrap has-edge\">\r\n\t\t\t\t\t<img fetchpriority=\"high\" decoding=\"async\" width=\"691\" height=\"700\" src=\"https:\/\/xophe.fr\/wp-content\/uploads\/2021\/07\/DR_FRONT_Couverture_v4_90_150-691x700.jpg\" class=\"attachment-odrin_medium_soft size-odrin_medium_soft wp-post-image\" alt=\"dessine et raconte\" srcset=\"https:\/\/xophe.fr\/wp-content\/uploads\/2021\/07\/DR_FRONT_Couverture_v4_90_150-691x700.jpg 691w, https:\/\/xophe.fr\/wp-content\/uploads\/2021\/07\/DR_FRONT_Couverture_v4_90_150-296x300.jpg 296w, https:\/\/xophe.fr\/wp-content\/uploads\/2021\/07\/DR_FRONT_Couverture_v4_90_150-1011x1024.jpg 1011w, https:\/\/xophe.fr\/wp-content\/uploads\/2021\/07\/DR_FRONT_Couverture_v4_90_150-768x778.jpg 768w, https:\/\/xophe.fr\/wp-content\/uploads\/2021\/07\/DR_FRONT_Couverture_v4_90_150-12x12.jpg 12w, https:\/\/xophe.fr\/wp-content\/uploads\/2021\/07\/DR_FRONT_Couverture_v4_90_150-700x709.jpg 700w, https:\/\/xophe.fr\/wp-content\/uploads\/2021\/07\/DR_FRONT_Couverture_v4_90_150-100x100.jpg 100w, https:\/\/xophe.fr\/wp-content\/uploads\/2021\/07\/DR_FRONT_Couverture_v4_90_150-395x400.jpg 395w, https:\/\/xophe.fr\/wp-content\/uploads\/2021\/07\/DR_FRONT_Couverture_v4_90_150-1283x1300.jpg 1283w, https:\/\/xophe.fr\/wp-content\/uploads\/2021\/07\/DR_FRONT_Couverture_v4_90_150-50x50.jpg 50w, https:\/\/xophe.fr\/wp-content\/uploads\/2021\/07\/DR_FRONT_Couverture_v4_90_150.jpg 1297w\" sizes=\"(max-width: 691px) 100vw, 691px\" \/>\t\t\t\t<\/div>\r\n\t\t\t\t\t\t\t\t<h2 class=\"book-thumb-title\">Dessine et raconte<\/h2>\r\n\t\t\t<\/a>\r\n\t\t<\/div><!-- end books-panel-item -->\r\n\r\n\t\t\t\t\t\r\n\t\t<\/div><!-- end books-panel-container -->\r\n\r\n\r\n\t\t<div class=\"books-panel-info is-sticky-kit\">\r\n\r\n\t\t\t\r\n\t\t\t\r\n\t\t\t\r\n\t\t\t<div class=\"books-panel-info-inner mt-80\" data-panel-id=\"145\">\r\n\t\t\t\t\t\t\t\t<a href=\"https:\/\/xophe.fr\/fr_fr\/product\/dessine-et-raconte\/\"><h2 class=\"book-panel-info-title\">Dessine et raconte<\/h2><\/a>\r\n\t\t\t\t<div class=\"book-panel-info-categories dash-left dash-dark\"><a href=\"https:\/\/xophe.fr\/fr_fr\/product-category\/dessin\/\" rel=\"tag\">Dessin<\/a>, <a href=\"https:\/\/xophe.fr\/fr_fr\/product-category\/dessine-et-raconte\/\" rel=\"tag\">Dessine et raconte<\/a>, <a href=\"https:\/\/xophe.fr\/fr_fr\/product-category\/enfants\/\" rel=\"tag\">Enfants<\/a><\/div>\t\t\t\t<div class=\"book-panel-info-description\">\r\n\t\t\t\t\r\n\t\t\t\t\t<p>\u00ab\u00a0Dessine et raconte\u00a0\u00bb pr\u00e9sente des mod\u00e8les de dessin facile \u00e0 reproduire et \u00e0 assembler. Il propose \u00e9galement un guide des couleurs et des \u00e9l\u00e9ments narratifs pour construire une histoire simple.<\/p>\n<p><img decoding=\"async\" class=\"alignnone wp-image-1141\" src=\"https:\/\/xophe.fr\/wp-content\/uploads\/2021\/07\/DR_BACK_Couverture_v4_90_150-1007x1024.jpg\" alt=\"Dessine et raconte\" width=\"600\" height=\"610\" srcset=\"https:\/\/xophe.fr\/wp-content\/uploads\/2021\/07\/DR_BACK_Couverture_v4_90_150-1007x1024.jpg 1007w, https:\/\/xophe.fr\/wp-content\/uploads\/2021\/07\/DR_BACK_Couverture_v4_90_150-295x300.jpg 295w, https:\/\/xophe.fr\/wp-content\/uploads\/2021\/07\/DR_BACK_Couverture_v4_90_150-768x781.jpg 768w, https:\/\/xophe.fr\/wp-content\/uploads\/2021\/07\/DR_BACK_Couverture_v4_90_150-12x12.jpg 12w, https:\/\/xophe.fr\/wp-content\/uploads\/2021\/07\/DR_BACK_Couverture_v4_90_150-700x712.jpg 700w, https:\/\/xophe.fr\/wp-content\/uploads\/2021\/07\/DR_BACK_Couverture_v4_90_150-393x400.jpg 393w, https:\/\/xophe.fr\/wp-content\/uploads\/2021\/07\/DR_BACK_Couverture_v4_90_150-688x700.jpg 688w, https:\/\/xophe.fr\/wp-content\/uploads\/2021\/07\/DR_BACK_Couverture_v4_90_150-1278x1300.jpg 1278w, https:\/\/xophe.fr\/wp-content\/uploads\/2021\/07\/DR_BACK_Couverture_v4_90_150-50x50.jpg 50w, https:\/\/xophe.fr\/wp-content\/uploads\/2021\/07\/DR_BACK_Couverture_v4_90_150.jpg 1292w\" sizes=\"(max-width: 600px) 100vw, 600px\" \/><\/p>\n\t\t\t\t\t\r\n\t\t\t\t\t\t\t\t\t\t\t<div class=\"book-panel-price mt-40 mb-40\">\r\n\t\t\t\t\t\t\t<span class=\"price-text font-heading\">\t\t\t<span class=\"woocommerce-Price-amount amount font-heading\">\r\n\t\t\t\t<span class=\"woocommerce-Price-amount amount\"><span class=\"woocommerce-Price-currencySymbol\">&euro;<\/span>17.00<\/span>\t\t\t<\/span>\r\n\t\t\t<\/span>\r\n\t\t\t\t\t\t<\/div>\r\n\t\t\t\t\t\t\t\t\t\t\t\t\t\t\t<a href=\"https:\/\/xophe.fr\/fr_fr\/product\/dessine-et-raconte\/\" class=\"special-link\">View Book<\/a>\r\n\t\t\t\t\t\t\t\t\t<\/div>\r\n\t\t\t<\/div><!-- end books-panel-info-inner -->\r\n\r\n\t\t\r\n\t\t\t\r\n\t\t<\/div><!-- end books-panel-info -->\r\n\r\n\t\t\t\r\n<\/div> <!-- end BooksPanel -->\t\t<\/div>\r\n\t<\/div>\r\n\t<\/section>\r\n\r\n<section class=\"pos-r  \"  id=\"shortcode-4c82afb2ae0d40b8dd0920c3e3747059\" >\r\n\t\t<div class=\"fw-container\">\r\n\t\t<div class=\"fw-row\">\r\n\t\t\t<div id=\"shortcode-05310ebb91f9421e16eb54740686a376\" class=\"fw-col-xs-12 fw-col-sm-12 fw-col-md-12 text-left \" >\r\n\t<div class=\"SpecialHeading fw-heading  text-center mt-20 mb-60  is-wow fadeInLeft\" id=\"shortcode-06ff314b0ee3f0c5fe64695c749629f1\" data-wow-delay=\"0s\">\r\n\t\t\t\t\t<h3 class=\"special-title special-heading-letter\">Un livre pour s'amuser en dessinant<\/h3>\t\t<div class=\"special-subtitle\">Tout ce qu'il faut pour dessiner et raconter une histoire simple<\/div>\r\n\t<\/div>\r\n\r\n<div class=\"spacer \" id=\"shortcode-0470969dfe1c438f930f2f5631f1604a\"><\/div><\/div>\r\n<div id=\"shortcode-da467e53a100f11899c81270ddfcc36f\" class=\"fw-col-xs-12 fw-col-sm-12 fw-col-md-4 text-left \" >\r\n\t\r\n\r\n<div class=\"BoxIcon box-icon-vertical  is-wow fadeInUp\" id=\"shortcode-14f02a041d0ba0c13c1efc190bdbf79d\" data-wow-delay=\"0s\">\r\n\t<div class=\"box-icon-header-wrapper pos-r\">\r\n\t\t\t\t\t\t\t\t\t<h4 class=\"box-icon-title\">Dessine<\/h4>\r\n\t\t\t\t\t\t\t\t\t\t<i class=\"icon-edit\"><\/i>\r\n\t\t\t\t<\/div>\r\n\t\t<div class=\"box-icon-content\">\r\n\t\t\t\t\t\t<div class=\"box-icon-text\">Des mod\u00e8les tr\u00e8s simples \u00e0 reproduire sont propos\u00e9s. Ils sont parfaitement adapt\u00e9s aux enfants avec un syst\u00e8me de construction pas \u00e0 pas et al\u00e9atoire. \nIl n'y a pas d'\u00e9paisseur de trait pour faciliter leur imitation. Un r\u00e9sultat efficace et rapide peut \u00eatre obtenu (en fonction de l'\u00e2ge de l'enfant).<\/div>\r\n\t\t\t<\/div>\r\n<\/div><!-- end BoxIcon -->\r\n<\/div>\r\n<div id=\"shortcode-3e242786266a67dba98c4a3872869a5c\" class=\"fw-col-xs-12 fw-col-sm-12 fw-col-md-4 text-left \" >\r\n\t\r\n\r\n<div class=\"BoxIcon box-icon-vertical  is-wow fadeInUp\" id=\"shortcode-c89a3d6770c2c6607b3a9a15b5d05d3a\" data-wow-delay=\"0.3s\">\r\n\t<div class=\"box-icon-header-wrapper pos-r\">\r\n\t\t\t\t\t\t\t\t\t<h4 class=\"box-icon-title\">Colorie<\/h4>\r\n\t\t\t\t\t\t\t\t\t\t<i class=\"icon-paintbrush\"><\/i>\r\n\t\t\t\t<\/div>\r\n\t\t<div class=\"box-icon-content\">\r\n\t\t\t\t\t\t<div class=\"box-icon-text\">Un guide simplifi\u00e9 de coloriage permettra de comprendre comment les couleurs sont utilis\u00e9es de mani\u00e8re \u00e0 les marier entre elles.\nSelon l'\u00e2ge de l'enfant un accompagnement peut-\u00eatre n\u00e9cessaire.<\/div>\r\n\t\t\t<\/div>\r\n<\/div><!-- end BoxIcon -->\r\n<\/div>\r\n<div id=\"shortcode-d9d6bc1b183a55de624bfba9d08d34e7\" class=\"fw-col-xs-12 fw-col-sm-12 fw-col-md-4 text-left \" >\r\n\t\r\n\r\n<div class=\"BoxIcon box-icon-vertical  is-wow fadeInUp\" id=\"shortcode-51b9a04395120926d56a096112271bcb\" data-wow-delay=\"0.15s\">\r\n\t<div class=\"box-icon-header-wrapper pos-r\">\r\n\t\t\t\t\t\t\t\t\t<h4 class=\"box-icon-title\">Raconte<\/h4>\r\n\t\t\t\t\t\t\t\t\t\t<i class=\"icon-chat\"><\/i>\r\n\t\t\t\t<\/div>\r\n\t\t<div class=\"box-icon-content\">\r\n\t\t\t\t\t\t<div class=\"box-icon-text\">Le livre fournit les \u00e9l\u00e9ments n\u00e9cessaires pour permettre \u00e0 l'enfant de raconter une histoire simple. Les cases et les fiches sont t\u00e9l\u00e9chargeables directement \u00e0 partir du site ou par QR code sur la page pour acc\u00e9der directement \u00e0 la ressource.<\/div>\r\n\t\t\t<\/div>\r\n<\/div><!-- end BoxIcon -->\r\n<\/div>\r\n\t\t<\/div>\r\n\t<\/div>\r\n\t<\/section>\r\n<div id=\"shortcode-4b503947b9d4c586c7f3e7755ef7578e\" class=\"fw-col-xs-12 fw-col-sm-12 fw-col-md-12 text-left \" >\r\n\t\t<div class=\"BookImageBackground  book-bg-type-1\">\r\n\t\t<div class=\"bg-image is-parallax\" data-bg-image=\"\/\/xophe.fr\/wp-content\/uploads\/2021\/07\/DR_Castle_pages-scaled.jpg\"><\/div>\r\n\t<\/div>\r\n\r\n<div class=\"BookImage   text-right\" id=\"shortcode-5d6be11163c723676270239c4d98842b\"  >\r\n\t<div class=\"\" ><img decoding=\"async\" src=\"\/\/xophe.fr\/wp-content\/uploads\/2021\/07\/DR_FRONT_Couverture_v4_90_150.jpg\" alt=\"dessine et raconte\" \/><\/div><\/div><!-- end BookImage -->\r\n<\/div>\r\n<\/p>\n","protected":false},"excerpt":{"rendered":"<p>Liste des diff\u00e9rents \u00e9l\u00e9ments pr\u00e9sents dans le livre. Enfants Ch\u00e2teau Op\u00e9ra Cirque H\u00f4pital \u00e9cole Rock&rsquo;n Roll Orchestre Fant\u00f4mes Monstres Vampires Araign\u00e9es Chats Chiens Voitures Avions Maisons Gratte-ciel<\/p>\n","protected":false},"author":2,"featured_media":0,"parent":0,"menu_order":0,"comment_status":"closed","ping_status":"closed","template":"","meta":{"footnotes":""},"class_list":["post-380","page","type-page","status-publish","hentry"],"acf":[],"_links":{"self":[{"href":"https:\/\/xophe.fr\/fr_fr\/wp-json\/wp\/v2\/pages\/380","targetHints":{"allow":["GET"]}}],"collection":[{"href":"https:\/\/xophe.fr\/fr_fr\/wp-json\/wp\/v2\/pages"}],"about":[{"href":"https:\/\/xophe.fr\/fr_fr\/wp-json\/wp\/v2\/types\/page"}],"author":[{"embeddable":true,"href":"https:\/\/xophe.fr\/fr_fr\/wp-json\/wp\/v2\/users\/2"}],"replies":[{"embeddable":true,"href":"https:\/\/xophe.fr\/fr_fr\/wp-json\/wp\/v2\/comments?post=380"}],"version-history":[{"count":0,"href":"https:\/\/xophe.fr\/fr_fr\/wp-json\/wp\/v2\/pages\/380\/revisions"}],"wp:attachment":[{"href":"https:\/\/xophe.fr\/fr_fr\/wp-json\/wp\/v2\/media?parent=380"}],"curies":[{"name":"wp","href":"https:\/\/api.w.org\/{rel}","templated":true}]}}