{"id":432,"date":"2021-04-26T12:41:00","date_gmt":"2021-04-26T10:41:00","guid":{"rendered":"http:\/\/author.xophe.fr\/?page_id=432"},"modified":"2021-07-23T00:40:16","modified_gmt":"2021-07-22T22:40:16","slug":"codex-memoriae","status":"publish","type":"page","link":"https:\/\/xophe.fr\/fr_fr\/codex-memoriae\/","title":{"rendered":"CODEX MEMORI\u00c6"},"content":{"rendered":"<p>\r\n<section class=\"pos-r section-light is-parallax  \"  id=\"shortcode-2e980c808a3363b30353f122aaa4f2dc\" >\r\n\t\t\t<div class=\"overlay-color\"><\/div>\r\n\t\t<div class=\"fw-container\">\r\n\t\t<div class=\"fw-row\">\r\n\t\t\t<div id=\"shortcode-cd09d63454e5daebdca2b9bd8bab9118\" class=\"fw-col-xs-12 fw-col-sm-12 fw-col-md-12 text-left \" >\r\n\t<div class=\"SpecialHeading fw-heading  text-left mt-20 mb-60  \" id=\"shortcode-d54d51ec968429b77f431c7928cb19b4\" >\r\n\t\t\t\t\t<h2 class=\"special-title special-heading-letter\">D\u00e9couvrez CODEX MEMORI\u00c6<\/h2>\t\t<div class=\"special-subtitle\">Plongez dans le mythe<\/div>\r\n\t<\/div><\/div>\r\n\t\t<\/div>\r\n\t<\/div>\r\n\t<\/section>\r\n\r\n<section class=\"pos-r  \"  id=\"shortcode-aa842275078d9bd99f21ecdc36a2eea4\" >\r\n\t\t<div class=\"fw-container\">\r\n\t\t<div class=\"fw-row\">\r\n\t\t\t<div id=\"shortcode-2c4e0c5304aad6402af6ffc61ea0745f\" class=\"fw-col-xs-12 fw-col-sm-12 fw-col-md-6 text-left \" >\r\n\t\t<div class=\"BookImageBackground  book-bg-type-4\">\r\n\t\t<div class=\"bg-image is-parallax\" data-bg-image=\"\/\/author.xophe.fr\/wp-content\/uploads\/2021\/04\/SDD_wall.jpg\"><\/div>\r\n\t<\/div>\r\n\r\n<div class=\"BookImage  is-wow fadeInLeft text-left\" id=\"shortcode-c2e33f6bd022ef401e822ef7b0955bbc\" data-wow-delay=\"0s\" >\r\n\t\t\t<div class=\"book-image-wrapper SingleProductImage\">\r\n\t\t\t<div class=\"PageFlipBook\">\r\n\t\t\t\t\t\t\t\t\t\t\t\t\t\t\t\t\t\t<a href=\"#\" class=\"has-edge has-edge-thin is-page-flip\" data-post-id=\"128\">\r\n\t\t\t\t\t\t\t\t\t\t\t\t<div class=\"page-flip-book-ribbon\"><span>Lire un extrait<\/span><\/div>\r\n\t\t\t\t\t\t<img decoding=\"async\" src=\"https:\/\/xophe.fr\/wp-content\/uploads\/2017\/08\/SDD_couv-468x700.jpg\" class=\"wp-post-image\">\r\n\t\t\t\t\t<\/a>\r\n\t\t\t\t\t\t\t\t\t\t\t\t<div class=\"single-product-price\">\r\n\t\t\t\t\t<span class=\"price-text font-heading\">\t\t\t<span class=\"woocommerce-Price-amount amount font-heading\">\r\n\t\t\t\t<span class=\"woocommerce-Price-amount amount\"><span class=\"woocommerce-Price-currencySymbol\">&euro;<\/span>11.00<\/span>\t\t\t<\/span>\r\n\t\t\t<\/span>\r\n\t\t\t\t<\/div>\r\n\t\t\t\t\t\t\t<\/div>\r\n\t\t<\/div>\r\n\t<\/div><!-- end BookImage -->\r\n<\/div>\r\n<div id=\"shortcode-0ae42a8149c985adf7ad1173672b2bae\" class=\"fw-col-xs-12 fw-col-sm-12 fw-col-md-6 text-right \" >\r\n\t\r\n\r\n<div class=\"spacer \" id=\"shortcode-4add823014ef5f7d509ba98c533cb335\"><\/div><div class=\"SpecialHeading fw-heading  text-right mt-20 mb-60  \" id=\"shortcode-26544a6bce3f347c73a8330eb573f203\" >\r\n\t\t\t\t\t<h4 class=\"special-title special-heading-letter\">Le sacrifice des dieux<\/h4>\t\t<div class=\"special-subtitle\">Tome 1<\/div>\r\n\t<\/div>\r\n\r\n<div class=\"TextBlock  \" id=\"shortcode-78280d91c33ba14b32b09749f3b1652d\" >\r\n\t<p>Un enqu\u00eateur du Saint Office nous livre une enqu\u00eate aux fronti\u00e8res de l\u2019indicible par l\u2019interm\u00e9diaire de son journal de bord.<br \/>Son voyage initiatique et onirique le plongera au c\u0153ur des secrets les plus obscurs que l\u2019\u00c9glise essaye de cacher.<br \/>R\u00e9sistera-t-il \u00e0 la folie qui s\u2019emparera de son \u00eatre ? Assistera-t-il au sacrifice des Dieux ?<\/p><p>Ce r\u00e9cit, illustr\u00e9 \u00e0 la mani\u00e8re d'un journal de voyage, inspir\u00e9 de l'univers de H.P. Lovecraft, vous emm\u00e8nera dans les contr\u00e9es inexplor\u00e9es de son \u0153uvre o\u00f9 deux mythologies s\u2019affrontent.<\/p><\/div>\r\n\r\n<div class=\"spacer \" id=\"shortcode-721c40a2bc3ec5b956576c905369c926\"><\/div>\r\n\r\n\t\t\t<a href=\"https:\/\/xophe.fr\/fr_fr\/product\/le-sacrifice-des-dieux\/\" class=\"shortcode-button btn btn-normal  \" id=\"shortcode-99506d65e5114750f5ebdf574d5992b1\" >\r\n\t\t\t<span>Voir le livre<\/span>\r\n\t\t<\/a>\r\n\t\t\r\n<\/div>\r\n\t\t<\/div>\r\n\t<\/div>\r\n\t<\/section>\r\n\r\n<section class=\"pos-r  \"  id=\"shortcode-b682299de40393d22ed848d7f9a08be9\" >\r\n\t\t<div class=\"fw-container\">\r\n\t\t<div class=\"fw-row\">\r\n\t\t\t<div id=\"shortcode-faa62ae9de912d8954bb4ad0c5f67ead\" class=\"fw-col-xs-12 fw-col-sm-12 fw-col-md-6 text-left \" >\r\n\t\r\n\r\n<div class=\"spacer \" id=\"shortcode-02891dd9fa1f0b2b5c84d6178e270ef6\"><\/div><div class=\"SpecialHeading fw-heading  text-left mt-20 mb-60  \" id=\"shortcode-87267b6cb820385bc481df6c0feaf535\" >\r\n\t\t\t\t\t<h4 class=\"special-title special-heading-letter\">Le sacrifice des \u00e2mes du Purgatoire<\/h4>\t\t<div class=\"special-subtitle\">Tome 2<\/div>\r\n\t<\/div>\r\n\r\n<div class=\"TextBlock  \" id=\"shortcode-6eb2954fba9bea50313759132bb047d8\" >\r\n\t<p>\u00ab Papillon dans la nuit, tel un enfant, j'erre dans le vide qui m\u2019entoure, attir\u00e9 par des lumi\u00e8res qui se r\u00e9v\u00e8lent \u00e0 moi. \u00bb<\/p><p>Un vagabond amn\u00e9sique est conduit au sanitarium local sp\u00e9cialis\u00e9 dans les troubles post-traumatiques de la Premi\u00e8re Guerre mondiale. Il n\u2019a aucune m\u00e9moire, ni pr\u00e9sente ni pass\u00e9e. Pour ne pas sombrer, il essaye de se raccrocher comme il peut \u00e0 tout ce qui l\u2019entoure dans l\u2019espoir de se construire une identit\u00e9, mais c\u2019est sans compter sur la rivalit\u00e9 de deux m\u00e9decins qui se cristallise \u00e0 son sujet.<\/p><p>Il poursuit ainsi son cheminement mental dans une errance onirique teint\u00e9e de mythologie grecque avant de se trouver confront\u00e9 \u00e0 une r\u00e9alit\u00e9 brutale qui prend corps au travers de l\u2019\u00e9trange docteur Bonne.<\/p><\/div>\r\n\r\n<div class=\"spacer \" id=\"shortcode-bd9ebf957f4c94792081839c86e5d149\"><\/div>\r\n\r\n<div class=\"BoxIcon box-icon-horizontal  \" id=\"shortcode-69967dc68688e848b4230440648a6905\" >\r\n\t<div class=\"box-icon-header-wrapper pos-r\">\r\n\t\t\t\t\t\t\t\t\t<i class=\"icon-pencil\"><\/i>\r\n\t\t\t\t<\/div>\r\n\t<div class=\"box-icon-content\">\r\n\t\t\t\t\t\t\t<h4 class=\"box-icon-title\">D\u00e9couvrez un r\u00e9cit illustr\u00e9 par Sumit Roy.<\/h4>\r\n\t\t\t\t\t\t\t\t<\/div>\r\n<\/div><!-- end BoxIcon -->\r\n\r\n\r\n\t\t\t<a href=\"https:\/\/xophe.fr\/fr_fr\/product\/le-sacrifice-des-ames-du-purgatoire\/\" class=\"shortcode-button btn btn-normal  \" id=\"shortcode-5a43aa31129f65af754d0ed2658b972b\" >\r\n\t\t\t<span>Voir le livre<\/span>\r\n\t\t<\/a>\r\n\t\t\r\n<\/div>\r\n<div id=\"shortcode-0f1fcb4d1bc079cd89f39435df6ad4ad\" class=\"fw-col-xs-12 fw-col-sm-12 fw-col-md-6 text-left hidden-xs hidden-sm\" >\r\n\t\t<div class=\"BookImageBackground  book-bg-type-2\">\r\n\t\t<div class=\"bg-image is-parallax\" data-bg-image=\"\/\/xophe.fr\/wp-content\/uploads\/2021\/04\/CM_SAP_hades.jpg\"><\/div>\r\n\t<\/div>\r\n\r\n<div class=\"BookImage  is-wow fadeInRight text-right\" id=\"shortcode-8e42ccb99a45bc4a28ac60623a0a0fa3\" data-wow-delay=\"0s\" >\r\n\t\t\t<div class=\"book-image-wrapper SingleProductImage\">\r\n\t\t\t<div class=\"PageFlipBook\">\r\n\t\t\t\t\t\t\t\t\t\t\t\t<a href=\"https:\/\/xophe.fr\/fr_fr\/product\/le-sacrifice-des-ames-du-purgatoire\/\" class=\"has-edge has-edge-thick\">\r\n\t\t\t\t\t<img decoding=\"async\" src=\"https:\/\/xophe.fr\/wp-content\/uploads\/2017\/08\/SAP_couv-468x700.jpg\" class=\"wp-post-image\">\r\n\t\t\t\t<\/a>\r\n\t\t\t\t\t\t\t\t\t\t\t<\/div>\r\n\t\t<\/div>\r\n\t<\/div><!-- end BookImage -->\r\n<\/div>\r\n\t\t<\/div>\r\n\t<\/div>\r\n\t<\/section>\r\n\r\n<section class=\"pos-r  \"  id=\"shortcode-9839631e1126135ab800b0168346d516\" >\r\n\t\t<div class=\"fw-container\">\r\n\t\t<div class=\"fw-row\">\r\n\t\t\t<div id=\"shortcode-aaae566a2cf3c65435c216f2cdfd315b\" class=\"fw-col-xs-12 fw-col-sm-12 fw-col-md-6 text-left \" >\r\n\t\t<div class=\"BookImageBackground  book-bg-type-4\">\r\n\t\t<div class=\"bg-image is-parallax\" data-bg-image=\"\/\/author.xophe.fr\/wp-content\/uploads\/2021\/04\/CM_SDF_priest.jpg\"><\/div>\r\n\t<\/div>\r\n\r\n<div class=\"BookImage  is-wow fadeInLeft text-left\" id=\"shortcode-40097a96ad3b5ef875cd778991b982ad\" data-wow-delay=\"0s\" >\r\n\t\t\t<div class=\"book-image-wrapper SingleProductImage\">\r\n\t\t\t<div class=\"PageFlipBook\">\r\n\t\t\t\t\t\t\t\t\t\t\t\t<a href=\"https:\/\/xophe.fr\/fr_fr\/product\/le-sacrifice-de-la-flamme\/\" class=\"has-edge\">\r\n\t\t\t\t\t<img decoding=\"async\" src=\"https:\/\/xophe.fr\/wp-content\/uploads\/2017\/08\/SDF_couv-468x700.jpg\" class=\"wp-post-image\">\r\n\t\t\t\t<\/a>\r\n\t\t\t\t\t\t\t\t\t\t\t<\/div>\r\n\t\t<\/div>\r\n\t<\/div><!-- end BookImage -->\r\n<\/div>\r\n<div id=\"shortcode-2ffde124084ae5d3f5ad2268d46b767b\" class=\"fw-col-xs-12 fw-col-sm-12 fw-col-md-6 text-right \" >\r\n\t\r\n\r\n<div class=\"spacer \" id=\"shortcode-7fda88b96d5901b42af3aee5e727ce40\"><\/div><div class=\"SpecialHeading fw-heading  text-right mt-20 mb-60  \" id=\"shortcode-391f72ce6ce1d070488df787bd451c9e\" >\r\n\t\t\t\t\t<h4 class=\"special-title special-heading-letter\">Le sacrifice de la flamme<\/h4>\t\t<div class=\"special-subtitle\">Tome 3<\/div>\r\n\t<\/div>\r\n\r\n<div class=\"TextBlock  \" id=\"shortcode-b10a57ffd1be9759166941149dca77b2\" >\r\n\t<p style=\"text-align: right;\">D\u00e9guster une prune en lisant les nouvelles, travailler aux Halles Centrales de Paris, partager un bon repas avec ses coll\u00e8gues, d\u00e9ambuler dans la capitale avec son chien, dormir dans une chambre sous les toits, voil\u00e0 en substance toute l'existence de Marcel depuis quelques mois.<br \/>Se construire une petite vie routini\u00e8re est salvateur lorsqu\u2019on ignore qui l'on est, qu'on a besoin de rep\u00e8res, de gagner en autonomie, mais cela ne peut durer. Il y aura une rupture le jour o\u00f9, pendant sa promenade matinale, il observe la police sortir un cadavre de l\u2019eau. Des d\u00e9tails vont le perturber et l\u2019obs\u00e9der au point de prendre des risques inconsid\u00e9r\u00e9s pour enqu\u00eater. Tout semble se pr\u00e9cipiter quand il croisera, par hasard, la route d\u2019Alwine, une prostitu\u00e9e qu\u2019il essaiera de prot\u00e9ger face \u00e0 une bande de prox\u00e9n\u00e8tes qui souhaite la r\u00e9cup\u00e9rer.<br \/>Ces deux grains de sables qui viennent gripper la machine bien huil\u00e9e de sa routine r\u00e9v\u00e9leront l\u2019<em>ana\u00efr\u00eas<\/em>\u00a0qui se cache au fond de lui. Entre chaos et d\u00e9terminisme, il fera la cruelle exp\u00e9rience du libre arbitre...<\/p><\/div>\r\n\r\n<div class=\"spacer \" id=\"shortcode-ae8e14853fd40adefd4892f582be66e7\"><\/div>\r\n\r\n\t\t\t<a href=\"https:\/\/xophe.fr\/fr_fr\/product\/le-sacrifice-de-la-flamme\/\" class=\"shortcode-button btn btn-normal  \" id=\"shortcode-14a9c805e3a9519164b968f9c8a8be68\" >\r\n\t\t\t<span>Voir le livre<\/span>\r\n\t\t<\/a>\r\n\t\t\r\n<\/div>\r\n\t\t<\/div>\r\n\t<\/div>\r\n\t<\/section>\r\n<\/p>\n","protected":false},"excerpt":{"rendered":"<p>D\u00e9couvrez CODEX MEMORI\u00c6 Plongez dans le mythe Lire un extrait &euro;11.00 Le sacrifice des dieux Tome 1 Un enqu\u00eateur du Saint Office nous livre une enqu\u00eate aux fronti\u00e8res de l\u2019indicible par l\u2019interm\u00e9diaire de son journal de bord.Son voyage initiatique et onirique le plongera au c\u0153ur des secrets les plus obscurs que l\u2019\u00c9glise essaye de cacher.R\u00e9sistera-t-il&#8230;<\/p>\n","protected":false},"author":1,"featured_media":0,"parent":0,"menu_order":0,"comment_status":"closed","ping_status":"closed","template":"","meta":{"footnotes":""},"class_list":["post-432","page","type-page","status-publish","hentry"],"acf":[],"_links":{"self":[{"href":"https:\/\/xophe.fr\/fr_fr\/wp-json\/wp\/v2\/pages\/432","targetHints":{"allow":["GET"]}}],"collection":[{"href":"https:\/\/xophe.fr\/fr_fr\/wp-json\/wp\/v2\/pages"}],"about":[{"href":"https:\/\/xophe.fr\/fr_fr\/wp-json\/wp\/v2\/types\/page"}],"author":[{"embeddable":true,"href":"https:\/\/xophe.fr\/fr_fr\/wp-json\/wp\/v2\/users\/1"}],"replies":[{"embeddable":true,"href":"https:\/\/xophe.fr\/fr_fr\/wp-json\/wp\/v2\/comments?post=432"}],"version-history":[{"count":0,"href":"https:\/\/xophe.fr\/fr_fr\/wp-json\/wp\/v2\/pages\/432\/revisions"}],"wp:attachment":[{"href":"https:\/\/xophe.fr\/fr_fr\/wp-json\/wp\/v2\/media?parent=432"}],"curies":[{"name":"wp","href":"https:\/\/api.w.org\/{rel}","templated":true}]}}