{"id":589,"date":"2017-08-17T09:13:21","date_gmt":"2017-08-17T07:13:21","guid":{"rendered":"http:\/\/author.xophe.fr\/?page_id=589"},"modified":"2026-02-18T18:39:29","modified_gmt":"2026-02-18T17:39:29","slug":"christophe-michaud","status":"publish","type":"page","link":"https:\/\/xophe.fr\/fr_fr\/christophe-michaud\/","title":{"rendered":"L&rsquo;auteur"},"content":{"rendered":"<p>\r\n<section class=\"pos-r  \"  id=\"shortcode-9d990bb371641d0b5662024b0232466a\" >\r\n\t\t<div class=\"fw-container\">\r\n\t\t<div class=\"fw-row\">\r\n\t\t\t<div id=\"shortcode-e87de1a2dc5bae68de25db04a2992078\" class=\"fw-col-xs-12 fw-col-sm-12 fw-col-md-12 text-left \" >\r\n\t\r\n\r\n<div class=\"SpecialTextBlock special-text-block-color special-text-block-has-image pos-r  \" id=\"shortcode-0ce54fa5d6b07be75a6848cabca16bdd\" >\r\n\t\r\n\t\t<div class=\"SpecialHeading fw-heading mb-40\">\r\n\t\t<h2 class=\"special-title special-heading-letter\">Christophe Michaud<\/h2>\r\n\t\t\t\t<div class=\"special-subtitle\">Auteur jeunesse - Fantastique<\/div>\r\n\t\t\t<\/div>\r\n\t\t\t<div class=\"special-text-block-image\">\t\t\r\n\t\t<div class=\"bg-image\" data-bg-image=\"\/\/xophe.fr\/wp-content\/uploads\/2021\/09\/book-heart.jpg\"><\/div>\r\n\t<\/div>\r\n\t\t\t\t\t\t<div class=\"special-text-block-content section-light font-subheading\">\r\n\t\t\t\t<p>N\u00e9 en 1970 \u00e0 Paris, Christophe Michaud se prend de passion pour les livres d\u00e8s son plus jeune \u00e2ge. Avide de lectures et d'univers vari\u00e9s, il d\u00e9vore les ouvrages, faisant de la biblioth\u00e8que Beaugrenelle son quartier g\u00e9n\u00e9ral. Cette passion du livre le m\u00e8ne in\u00e9vitablement \u00e0 devenir libraire.<\/p><p>Il exerce ce m\u00e9tier avec conviction avant d'\u00eatre confront\u00e9 \u00e0 la chute de la librairie traditionnelle dans les ann\u00e9es 90. Il reprend ses \u00e9tudes pour s'orienter dans l'\u00e9dition, mais il d\u00e9couvre la g\u00e9ographie ce qui change sa vision du monde. Il d\u00e9cide alors de modifier ses objectifs pour devenir urbaniste. Parti en Creuse, puis dans la Vienne, il exercera une dizaine d'ann\u00e9es dans ce domaine avant de se reconvertir dans les Syst\u00e8mes d'Information.<\/p><p>Il commence \u00e0 \u00e9crire en 2011 et s'int\u00e9resse \u00e0 l'univers lovecraftien qu'il met en sc\u00e8ne dans la s\u00e9rie CODEX MEMORI\u00c6. Si ces livres, illustr\u00e9s par Sumit Roy, offrent une exp\u00e9rience immersive \u00e0 travers leur mise en page originale, c'est le choc des deux plus grandes mythologies de tous les temps qui ravit les lecteurs.<\/p><p>Avec la collection \"R\u00e9cit fantastique\", des histoires courtes au format poche, il aborde des sujets historiques ou de soci\u00e9t\u00e9.<\/p><p>\u00c0 travers Dessine et raconte, il propose aux artistes en herbe de d\u00e9velopper leur imagination en s'amusant \u00e0 dessiner et raconter.<\/p>\t<\/div>\r\n\t\t\r\n<\/div> <!-- end SpecialTextBlock --><\/div>\r\n\t\t<\/div>\r\n\t<\/div>\r\n\t<\/section>\r\n\r\n<section class=\"pos-r  \"  id=\"shortcode-4f0a43bdf34523a261508df3c3efb80c\" >\r\n\t\t<div class=\"fw-container\">\r\n\t\t<div class=\"fw-row\">\r\n\t\t\t<div id=\"shortcode-6b5415584677a74a45b2392b2a4ec45d\" class=\"fw-col-xs-12 fw-col-sm-12 fw-col-md-6 text-left \" >\r\n\t\r\n\r\n<div class=\"spacer \" id=\"shortcode-4d60949eeb0143befb3f5ff956441331\"><\/div><div class=\"SpecialHeading fw-heading  text-left mt-20 mb-60  \" id=\"shortcode-bc9b553f2c90bdcea531118744a5840d\" >\r\n\t\t\t\t\t<h5 class=\"special-title special-heading-letter\">Le premier livre, 2012<\/h5>\t<\/div>\r\n\r\n<div class=\"TextBlock  \" id=\"shortcode-8ee0780d80bb8b34be0185b336e9049c\" >\r\n\t<p>Apr\u00e8s une ann\u00e9e d'\u00e9criture, de tests, de r\u00e9\u00e9criture, le premier jet du \"Sacrifice des dieux\" est enfin pr\u00eat. Les illustrations donnent le caract\u00e8re et l'ambiance souhait\u00e9 au livre. Toutefois, la maquette n'est pas adapt\u00e9e, trop moderne. C'est donc une refonte compl\u00e8te pour lui donner un aspect de carnet avec une typographie de machine \u00e0 \u00e9crire qui est finalement retenue.<\/p><p>A l'origine, le livre est pr\u00e9vu pour \u00eatre diffus\u00e9 uniquement en num\u00e9rique. Toutefois, les facilit\u00e9s de l'impression \u00e0 la demande permette d'essayer et de voir ce que donne un livre au format papier. Le r\u00e9sultat est bluffant ! Le sacrifice des dieux fera donc, fin 2012, l'objet d'une \u00e9dition papier tr\u00e8s appr\u00e9ci\u00e9e.<\/p><p><span class=\"ng-directive ng-binding\">\u00a0<\/span><\/p><\/div><\/div>\r\n<div id=\"shortcode-05c9d1c8ef757b2a45605b835447536d\" class=\"fw-col-xs-12 fw-col-sm-12 fw-col-md-6 text-left \" >\r\n\t<img decoding=\"async\" src=\"\/\/author.xophe.fr\/wp-content\/uploads\/2021\/04\/SDD_Couverture-carnet_web.jpg\" alt=\"\/\/author.xophe.fr\/wp-content\/uploads\/2021\/04\/SDD_Couverture-carnet_web.jpg\" class=\" \" data-wow-delay=\"\" \/><\/div>\r\n\t\t<\/div>\r\n\t<\/div>\r\n\t<\/section>\r\n\r\n<section class=\"pos-r  \"  id=\"shortcode-0a84ff62f70157df4c5c579abae41507\" >\r\n\t\t<div class=\"fw-container\">\r\n\t\t<div class=\"fw-row\">\r\n\t\t\t<div id=\"shortcode-65809cf4396b8df5bd0fb9e62f6ea5aa\" class=\"fw-col-xs-12 fw-col-sm-12 fw-col-md-6 text-left \" >\r\n\t<img decoding=\"async\" src=\"\/\/author.xophe.fr\/wp-content\/uploads\/2021\/04\/SAP_Couverture_web.jpg\" alt=\"\/\/author.xophe.fr\/wp-content\/uploads\/2021\/04\/SAP_Couverture_web.jpg\" class=\" \" data-wow-delay=\"\" \/><\/div>\r\n<div id=\"shortcode-0163b5cc94804d0fd2a2fe0dd44ad53f\" class=\"fw-col-xs-12 fw-col-sm-12 fw-col-md-6 text-left \" >\r\n\t\r\n\r\n<div class=\"spacer \" id=\"shortcode-f06cc9a5e8248815b3434041699693bc\"><\/div><div class=\"SpecialHeading fw-heading  text-left mt-20 mb-60  \" id=\"shortcode-b4fc14ea73c31d3ec9286a31f65adb37\" >\r\n\t\t\t\t\t<h5 class=\"special-title special-heading-letter\">Codex Memori\u00e6, 2015<\/h5>\t<\/div>\r\n\r\n<div class=\"TextBlock  \" id=\"shortcode-85c9c0325f2e772edcc43e4841f62558\" >\r\n\t<p>L'envie de continuer \u00e0 \u00e9crire prend suite au petit succ\u00e8s du Sacrifice des dieux incite Christophe Michaud \u00e0 imaginer une histoire o\u00f9 le personnage principal est un amn\u00e9sique. Le sanitarium Quine prend forme et Le sacrifice des \u00e2mes du Purgatoire para\u00eet en 2015.<\/p><p>Le concept de carnet de bord est abandonn\u00e9 au profit d'un r\u00e9cit en deux temps. Des illustrations effectu\u00e9es par l'auteur rendent le processus d'\u00e9dition long et compliqu\u00e9 mais le r\u00e9sultat s\u00e9duit le lectorat.<\/p><\/div><\/div>\r\n\t\t<\/div>\r\n\t<\/div>\r\n\t<\/section>\r\n\r\n<section class=\"pos-r  \"  id=\"shortcode-3fb9007c4a58847783c79a1c754fbb26\" >\r\n\t\t<div class=\"fw-container\">\r\n\t\t<div class=\"fw-row\">\r\n\t\t\t<div id=\"shortcode-226cd9d9ec7d677d68c7601ed9e4ad5d\" class=\"fw-col-xs-12 fw-col-sm-12 fw-col-md-6 text-left \" >\r\n\t\r\n\r\n<div class=\"spacer \" id=\"shortcode-26d5589c6850896bf1557021011aa772\"><\/div><div class=\"SpecialHeading fw-heading  text-left mt-20 mb-60  \" id=\"shortcode-6aba3d12fafdabd3bb58395e491bf0ce\" >\r\n\t\t\t\t\t<h5 class=\"special-title special-heading-letter\">R\u00e9cit fantastique, 2017<\/h5>\t<\/div>\r\n\r\n<div class=\"TextBlock  \" id=\"shortcode-c031acc5766e0eb36a0e6cd8be29f77c\" >\r\n\t<p>En 2017, une petite collection de r\u00e9cits fantastiques au format poche, permet \u00e0 Christophe Michaud de laisser libre court \u00e0 son imagination. Ces r\u00e9cits courts abordent des sujets vari\u00e9s sous l'angle fantastique.<\/p><\/div><\/div>\r\n<div id=\"shortcode-8564db7f7026b2add855916a002a30f3\" class=\"fw-col-xs-12 fw-col-sm-12 fw-col-md-6 text-left \" >\r\n\t<img decoding=\"async\" src=\"\/\/xophe.fr\/wp-content\/uploads\/2021\/05\/Recit_fantastique_3.png\" alt=\"\/\/xophe.fr\/wp-content\/uploads\/2021\/05\/Recit_fantastique_3.png\" class=\" \" data-wow-delay=\"\" \/><\/div>\r\n\t\t<\/div>\r\n\t<\/div>\r\n\t<\/section>\r\n\r\n<section class=\"pos-r  \"  id=\"shortcode-6966489c94aaf7e2db7c2222214cf1a7\" >\r\n\t\t<div class=\"fw-container\">\r\n\t\t<div class=\"fw-row\">\r\n\t\t\t<div id=\"shortcode-614a6f89b198ca61fd22396d90c44f66\" class=\"fw-col-xs-12 fw-col-sm-12 fw-col-md-6 text-left \" >\r\n\t<img decoding=\"async\" src=\"\/\/xophe.fr\/wp-content\/uploads\/2021\/05\/CM_new_cover.png\" alt=\"\/\/xophe.fr\/wp-content\/uploads\/2021\/05\/CM_new_cover.png\" class=\" \" data-wow-delay=\"\" \/><\/div>\r\n<div id=\"shortcode-a7e6b95970fc01fec9a9e7450f62885c\" class=\"fw-col-xs-12 fw-col-sm-12 fw-col-md-6 text-left \" >\r\n\t\r\n\r\n<div class=\"spacer \" id=\"shortcode-09318b052705b4c680ede4bbcb123f6d\"><\/div><div class=\"SpecialHeading fw-heading  text-left mt-20 mb-60  \" id=\"shortcode-2872018db8d349479ab09e302ab7163a\" >\r\n\t\t\t\t\t<h5 class=\"special-title special-heading-letter\">Codex Memori\u00e6, seconde \u00e9dition, 2017<\/h5>\t<\/div>\r\n\r\n<div class=\"TextBlock  \" id=\"shortcode-e98ebb0715d7c7b9358447406ad15bb8\" >\r\n\t<p>Suite \u00e0 une r\u00e9flexion pouss\u00e9e, la d\u00e9cision est prise de mettre Le sacrifice des dieux dans la s\u00e9rie Codex Memori\u00e6. Ce ne sera pas le seul changement. En effet, la production graphique demandant trop de temps, il est d\u00e9cid\u00e9 de faire appel \u00e0 Sumit Roy, un illustrateur de talent.<\/p><p>Le sacrifice des dieux, changera seulement de couverture, les illustrations int\u00e9rieures allant bien avec l'aspect du carnet de bord. Le sacrifice des \u00e2mes du Purgatoire sera enti\u00e8re illustr\u00e9 par Sumit. Cette d\u00e9marche graphique rend la production plus simple et l'ad\u00e9quation entre le texte et l'image.<\/p><\/div><\/div>\r\n\t\t<\/div>\r\n\t<\/div>\r\n\t<\/section>\r\n\r\n<section class=\"pos-r  \"  id=\"shortcode-e958722100effbea425f4e76a9de8d70\" >\r\n\t\t<div class=\"fw-container\">\r\n\t\t<div class=\"fw-row\">\r\n\t\t\t<div id=\"shortcode-342df6a94f4aad5bb85d912790ec060a\" class=\"fw-col-xs-12 fw-col-sm-12 fw-col-md-6 text-left \" >\r\n\t\r\n\r\n<div class=\"spacer \" id=\"shortcode-c356bc74081e79edbd28043d082e99d6\"><\/div><div class=\"SpecialHeading fw-heading  text-left mt-20 mb-60  \" id=\"shortcode-6c55e3dbf40395830d2a56d2f97cd0e6\" >\r\n\t\t\t\t\t<h5 class=\"special-title special-heading-letter\">Codex Memori\u00e6, tome 3, 2019<\/h5>\t<\/div>\r\n\r\n<div class=\"TextBlock  \" id=\"shortcode-45a44c1ab023ae7f43336a1749d55c97\" >\r\n\t<p>Le troisi\u00e8me volet des aventures oniriques de l'enqu\u00eateur du Saint-Office voient le jour en ao\u00fbt 2019. L'accent a \u00e9t\u00e9 mis sur un aspect thriller. Les illustrations de Sumit Roy viennent, une fois de plus soutenir le texte. Un important travail de recherche sur les Halles Centrales de Paris a \u00e9t\u00e9 effectu\u00e9 pour rendre l'atmosph\u00e8re parisienne de cette \u00e9poque.<\/p><\/div><\/div>\r\n<div id=\"shortcode-a20985a44e8f856077600d3c921dee45\" class=\"fw-col-xs-12 fw-col-sm-12 fw-col-md-6 text-left \" >\r\n\t<img decoding=\"async\" src=\"\/\/xophe.fr\/wp-content\/uploads\/2021\/05\/SDF_Logo.png\" alt=\"\/\/xophe.fr\/wp-content\/uploads\/2021\/05\/SDF_Logo.png\" class=\" \" data-wow-delay=\"\" \/><\/div>\r\n\t\t<\/div>\r\n\t<\/div>\r\n\t<\/section>\r\n\r\n<section class=\"pos-r  \"  id=\"shortcode-0560768858029f7d50a38c12225f9c39\" >\r\n\t\t<div class=\"fw-container\">\r\n\t\t<div class=\"fw-row\">\r\n\t\t\t<div id=\"shortcode-89936fedd68b1022d6826857dbbb8a34\" class=\"fw-col-xs-12 fw-col-sm-12 fw-col-md-6 text-left \" >\r\n\t<img decoding=\"async\" src=\"\/\/xophe.fr\/wp-content\/uploads\/2021\/07\/DR_FRONT_Couverture_v4_90_150.jpg\" alt=\"dessine et raconte\" class=\" \" data-wow-delay=\"\" width=\"400\" \/><\/div>\r\n<div id=\"shortcode-6ef8df8d517be59272e3044f801ca333\" class=\"fw-col-xs-12 fw-col-sm-12 fw-col-md-6 text-left \" >\r\n\t\r\n\r\n<div class=\"spacer \" id=\"shortcode-830236d8858436f01a6ac073e7ea5e71\"><\/div><div class=\"SpecialHeading fw-heading  text-left mt-20 mb-60  \" id=\"shortcode-b94368b8d89ed4658100b10ddf1b84ef\" >\r\n\t\t\t\t\t<h5 class=\"special-title special-heading-letter\">Dessine et raconte, 2021<\/h5>\t<\/div>\r\n\r\n<div class=\"TextBlock  \" id=\"shortcode-8fb6340d3393c9b8e720a17c6575a1c1\" >\r\n\t<p>L'envie de cr\u00e9er un ouvrage pour les enfants tarabuste Christophe depuis longtemps. Un concept ludique, simple \u00e0 mettre \u0153uvre, \u00e9merge peu \u00e0 peu.<br \/>En combinant des \u00e9l\u00e9ments extr\u00eamement simplifi\u00e9s entre eux, l'enfant est \u00e0 m\u00eame de renouveler ses dessins et de progresser. Le syst\u00e8me de d\u00e9 \u00e0 jouer est int\u00e9gr\u00e9 pour apporter de la diversification et renouveler l'exp\u00e9rience. Associ\u00e9 \u00e0 un guide des couleurs et un syst\u00e8me simplifi\u00e9 pour raconter une histoire, l'enfant a tout ce qu'il faut pour construire sa propre bande dessin\u00e9e. <\/p><\/div><\/div>\r\n\t\t<\/div>\r\n\t<\/div>\r\n\t<\/section>\r\n<\/p>\n","protected":false},"excerpt":{"rendered":"<p>Christophe Michaud Auteur jeunesse &#8211; Fantastique N\u00e9 en 1970 \u00e0 Paris, Christophe Michaud se prend de passion pour les livres d\u00e8s son plus jeune \u00e2ge. Avide de lectures et d&rsquo;univers vari\u00e9s, il d\u00e9vore les ouvrages, faisant de la biblioth\u00e8que Beaugrenelle son quartier g\u00e9n\u00e9ral. Cette passion du livre le m\u00e8ne in\u00e9vitablement \u00e0 devenir libraire.Il exerce ce&#8230;<\/p>\n","protected":false},"author":2,"featured_media":0,"parent":0,"menu_order":0,"comment_status":"closed","ping_status":"closed","template":"","meta":{"footnotes":""},"class_list":["post-589","page","type-page","status-publish","hentry"],"acf":[],"_links":{"self":[{"href":"https:\/\/xophe.fr\/fr_fr\/wp-json\/wp\/v2\/pages\/589","targetHints":{"allow":["GET"]}}],"collection":[{"href":"https:\/\/xophe.fr\/fr_fr\/wp-json\/wp\/v2\/pages"}],"about":[{"href":"https:\/\/xophe.fr\/fr_fr\/wp-json\/wp\/v2\/types\/page"}],"author":[{"embeddable":true,"href":"https:\/\/xophe.fr\/fr_fr\/wp-json\/wp\/v2\/users\/2"}],"replies":[{"embeddable":true,"href":"https:\/\/xophe.fr\/fr_fr\/wp-json\/wp\/v2\/comments?post=589"}],"version-history":[{"count":1,"href":"https:\/\/xophe.fr\/fr_fr\/wp-json\/wp\/v2\/pages\/589\/revisions"}],"predecessor-version":[{"id":1311,"href":"https:\/\/xophe.fr\/fr_fr\/wp-json\/wp\/v2\/pages\/589\/revisions\/1311"}],"wp:attachment":[{"href":"https:\/\/xophe.fr\/fr_fr\/wp-json\/wp\/v2\/media?parent=589"}],"curies":[{"name":"wp","href":"https:\/\/api.w.org\/{rel}","templated":true}]}}