{"id":1040,"date":"2021-05-14T14:35:55","date_gmt":"2021-05-14T12:35:55","guid":{"rendered":"https:\/\/xophe.fr\/?post_type=product&#038;p=1040"},"modified":"2022-10-15T11:48:37","modified_gmt":"2022-10-15T09:48:37","slug":"heritage","status":"publish","type":"product","link":"https:\/\/xophe.fr\/fr_fr\/product\/heritage\/","title":{"rendered":"H\u00e9ritage"},"content":{"rendered":"<p>H\u00e9ritage fait partie de la collection \u00ab R\u00e9cit Fantastique \u00bb, des r\u00e9cits courts au format poche.<\/p>\n","protected":false},"excerpt":{"rendered":"<p>&nbsp;<\/p>\n<p>Avec H\u00e9ritage, vous suivrez les aventures de deux jeunes en perdition, Nathan et Blaise, dit Blob.<\/p>\n<p>Plut\u00f4t paum\u00e9s et SDF, passant de squat en squat, ils vivent, ou plut\u00f4t survivent, de rapines. Le seul objectif qu&rsquo;ils se fixent est de vivre libre et sans contrainte dans la capitale. Pourtant, encourag\u00e9 par son ami, Nathan va essayer de comprendre pourquoi son p\u00e8re est d\u00e9c\u00e9d\u00e9 lorsqu&rsquo;il \u00e9tait petit. Cette qu\u00eate le guidera sur les traces d&rsquo;un h\u00e9ritage qui influence la trajectoire de sa vie depuis sa naissance et, peut-\u00eatre m\u00eame, avant.<\/p>\n<p>&nbsp;<\/p>\n<p>&nbsp;<\/p>\n","protected":false},"featured_media":827,"template":"","meta":[],"product_cat":[41,59],"product_tag":[],"class_list":{"0":"post-1040","1":"product","2":"type-product","3":"status-publish","4":"has-post-thumbnail","6":"product_cat-fantastique","7":"product_cat-recit-fantastique","9":"first","10":"instock","11":"taxable","12":"shipping-taxable","13":"product-type-external"},"acf":[],"_links":{"self":[{"href":"https:\/\/xophe.fr\/fr_fr\/wp-json\/wp\/v2\/product\/1040","targetHints":{"allow":["GET"]}}],"collection":[{"href":"https:\/\/xophe.fr\/fr_fr\/wp-json\/wp\/v2\/product"}],"about":[{"href":"https:\/\/xophe.fr\/fr_fr\/wp-json\/wp\/v2\/types\/product"}],"wp:featuredmedia":[{"embeddable":true,"href":"https:\/\/xophe.fr\/fr_fr\/wp-json\/wp\/v2\/media\/827"}],"wp:attachment":[{"href":"https:\/\/xophe.fr\/fr_fr\/wp-json\/wp\/v2\/media?parent=1040"}],"wp:term":[{"taxonomy":"product_cat","embeddable":true,"href":"https:\/\/xophe.fr\/fr_fr\/wp-json\/wp\/v2\/product_cat?post=1040"},{"taxonomy":"product_tag","embeddable":true,"href":"https:\/\/xophe.fr\/fr_fr\/wp-json\/wp\/v2\/product_tag?post=1040"}],"curies":[{"name":"wp","href":"https:\/\/api.w.org\/{rel}","templated":true}]}}