{"id":128,"date":"2017-08-07T12:38:09","date_gmt":"2017-08-07T10:38:09","guid":{"rendered":"http:\/\/author.xophe.fr\/?post_type=product&#038;p=128"},"modified":"2022-10-15T11:35:52","modified_gmt":"2022-10-15T09:35:52","slug":"le-sacrifice-des-dieux","status":"publish","type":"product","link":"https:\/\/xophe.fr\/fr_fr\/product\/le-sacrifice-des-dieux\/","title":{"rendered":"Le sacrifice des dieux"},"content":{"rendered":"<p>Le sacrifice des dieux est un r\u00e9cit illustr\u00e9 \u00e0 la mani\u00e8re d&rsquo;un journal de voyage. Inspir\u00e9 de l&rsquo;univers de H.P. Lovecraft, il vous emm\u00e8nera dans les contr\u00e9es inexplor\u00e9es de son \u0153uvre o\u00f9 deux mythologies s\u2019affrontent.<\/p>\n\r\n\r\n<div class=\"spacer \" id=\"shortcode-21d935453d47ec384c055d1d36ba9b0e\"><\/div>\n","protected":false},"excerpt":{"rendered":"<p>Un enqu\u00eateur du Saint Office nous livre une enqu\u00eate aux fronti\u00e8res de l\u2019indicible par l\u2019interm\u00e9diaire de son journal de bord.<br \/>\nSon voyage initiatique et onirique le plongera au c\u0153ur des secrets les plus obscurs que l\u2019\u00c9glise essaye de cacher.<br \/>\nR\u00e9sistera-t-il \u00e0 la folie qui s\u2019emparera de son \u00eatre ? Assistera-t-il au sacrifice des Dieux ?<\/p>\n","protected":false},"featured_media":763,"template":"","meta":[],"product_cat":[42,41],"product_tag":[],"class_list":{"0":"post-128","1":"product","2":"type-product","3":"status-publish","4":"has-post-thumbnail","6":"product_cat-codex-memoriae","7":"product_cat-fantastique","9":"first","10":"instock","11":"product-type-external"},"acf":[],"_links":{"self":[{"href":"https:\/\/xophe.fr\/fr_fr\/wp-json\/wp\/v2\/product\/128","targetHints":{"allow":["GET"]}}],"collection":[{"href":"https:\/\/xophe.fr\/fr_fr\/wp-json\/wp\/v2\/product"}],"about":[{"href":"https:\/\/xophe.fr\/fr_fr\/wp-json\/wp\/v2\/types\/product"}],"wp:featuredmedia":[{"embeddable":true,"href":"https:\/\/xophe.fr\/fr_fr\/wp-json\/wp\/v2\/media\/763"}],"wp:attachment":[{"href":"https:\/\/xophe.fr\/fr_fr\/wp-json\/wp\/v2\/media?parent=128"}],"wp:term":[{"taxonomy":"product_cat","embeddable":true,"href":"https:\/\/xophe.fr\/fr_fr\/wp-json\/wp\/v2\/product_cat?post=128"},{"taxonomy":"product_tag","embeddable":true,"href":"https:\/\/xophe.fr\/fr_fr\/wp-json\/wp\/v2\/product_tag?post=128"}],"curies":[{"name":"wp","href":"https:\/\/api.w.org\/{rel}","templated":true}]}}