{"id":145,"date":"2017-08-07T12:49:25","date_gmt":"2017-08-07T10:49:25","guid":{"rendered":"http:\/\/author.xophe.fr\/?post_type=product&#038;p=145"},"modified":"2022-01-01T00:00:23","modified_gmt":"2021-12-31T23:00:23","slug":"dessine-et-raconte","status":"publish","type":"product","link":"https:\/\/xophe.fr\/fr_fr\/product\/dessine-et-raconte\/","title":{"rendered":"Dessine et raconte"},"content":{"rendered":"<p><iframe title=\"YouTube video player\" src=\"https:\/\/www.youtube.com\/embed\/Tqdvb5PDPiE\" width=\"560\" height=\"315\" frameborder=\"0\" allowfullscreen=\"allowfullscreen\"><\/iframe><\/p>\n<p>Liste des diff\u00e9rents \u00e9l\u00e9ments pr\u00e9sents dans le livre.<\/p>\n<p>\r\n\r\n<div class=\"spacer \" id=\"shortcode-21d935453d47ec384c055d1d36ba9b0e\"><\/div>\r\n\r\n <div class=\"ShortcodeList NumberedList list-right  \" id=\"shortcode-bc8efd61309678f25e00ccb06be1b8cb\" >\r\n\t<ul class=\"list-unstyled shortcode-list-wrapper\">\r\n\t\t\t\t\t<li class=\"ListItem\">\r\n\t\t\t\t<div class=\"list-item-number font-subheading\"><\/div>\r\n\t\t\t\t<div class=\"list-item-content\">\r\n\t\t\t\t\t<h5 class=\"list-item-title font-subheading\">Enfants<\/h5>\r\n\t\t\t\t\t\t\t\t\t<\/div>\r\n\t\t\t<\/li>\r\n\t\t\t\t\t<li class=\"ListItem\">\r\n\t\t\t\t<div class=\"list-item-number font-subheading\"><\/div>\r\n\t\t\t\t<div class=\"list-item-content\">\r\n\t\t\t\t\t<h5 class=\"list-item-title font-subheading\">Ch\u00e2teau<\/h5>\r\n\t\t\t\t\t\t\t\t\t<\/div>\r\n\t\t\t<\/li>\r\n\t\t\t\t\t<li class=\"ListItem\">\r\n\t\t\t\t<div class=\"list-item-number font-subheading\"><\/div>\r\n\t\t\t\t<div class=\"list-item-content\">\r\n\t\t\t\t\t<h5 class=\"list-item-title font-subheading\">Op\u00e9ra<\/h5>\r\n\t\t\t\t\t\t\t\t\t<\/div>\r\n\t\t\t<\/li>\r\n\t\t\t\t\t<li class=\"ListItem\">\r\n\t\t\t\t<div class=\"list-item-number font-subheading\"><\/div>\r\n\t\t\t\t<div class=\"list-item-content\">\r\n\t\t\t\t\t<h5 class=\"list-item-title font-subheading\">Cirque<\/h5>\r\n\t\t\t\t\t\t\t\t\t<\/div>\r\n\t\t\t<\/li>\r\n\t\t\t\t\t<li class=\"ListItem\">\r\n\t\t\t\t<div class=\"list-item-number font-subheading\"><\/div>\r\n\t\t\t\t<div class=\"list-item-content\">\r\n\t\t\t\t\t<h5 class=\"list-item-title font-subheading\">H\u00f4pital<\/h5>\r\n\t\t\t\t\t\t\t\t\t<\/div>\r\n\t\t\t<\/li>\r\n\t\t\t\t\t<li class=\"ListItem\">\r\n\t\t\t\t<div class=\"list-item-number font-subheading\"><\/div>\r\n\t\t\t\t<div class=\"list-item-content\">\r\n\t\t\t\t\t<h5 class=\"list-item-title font-subheading\">\u00e9cole<\/h5>\r\n\t\t\t\t\t\t\t\t\t<\/div>\r\n\t\t\t<\/li>\r\n\t\t\t\t\t<li class=\"ListItem\">\r\n\t\t\t\t<div class=\"list-item-number font-subheading\"><\/div>\r\n\t\t\t\t<div class=\"list-item-content\">\r\n\t\t\t\t\t<h5 class=\"list-item-title font-subheading\">Rock'n Roll<\/h5>\r\n\t\t\t\t\t\t\t\t\t<\/div>\r\n\t\t\t<\/li>\r\n\t\t\t\t\t<li class=\"ListItem\">\r\n\t\t\t\t<div class=\"list-item-number font-subheading\"><\/div>\r\n\t\t\t\t<div class=\"list-item-content\">\r\n\t\t\t\t\t<h5 class=\"list-item-title font-subheading\">Orchestre<\/h5>\r\n\t\t\t\t\t\t\t\t\t<\/div>\r\n\t\t\t<\/li>\r\n\t\t\t\t\t<li class=\"ListItem\">\r\n\t\t\t\t<div class=\"list-item-number font-subheading\"><\/div>\r\n\t\t\t\t<div class=\"list-item-content\">\r\n\t\t\t\t\t<h5 class=\"list-item-title font-subheading\">Fant\u00f4mes<\/h5>\r\n\t\t\t\t\t\t\t\t\t<\/div>\r\n\t\t\t<\/li>\r\n\t\t\t\t\t<li class=\"ListItem\">\r\n\t\t\t\t<div class=\"list-item-number font-subheading\"><\/div>\r\n\t\t\t\t<div class=\"list-item-content\">\r\n\t\t\t\t\t<h5 class=\"list-item-title font-subheading\">Monstres<\/h5>\r\n\t\t\t\t\t\t\t\t\t<\/div>\r\n\t\t\t<\/li>\r\n\t\t\t\t\t<li class=\"ListItem\">\r\n\t\t\t\t<div class=\"list-item-number font-subheading\"><\/div>\r\n\t\t\t\t<div class=\"list-item-content\">\r\n\t\t\t\t\t<h5 class=\"list-item-title font-subheading\">Vampires<\/h5>\r\n\t\t\t\t\t\t\t\t\t<\/div>\r\n\t\t\t<\/li>\r\n\t\t\t\t\t<li class=\"ListItem\">\r\n\t\t\t\t<div class=\"list-item-number font-subheading\"><\/div>\r\n\t\t\t\t<div class=\"list-item-content\">\r\n\t\t\t\t\t<h5 class=\"list-item-title font-subheading\">Araign\u00e9es<\/h5>\r\n\t\t\t\t\t\t\t\t\t<\/div>\r\n\t\t\t<\/li>\r\n\t\t\t\t\t<li class=\"ListItem\">\r\n\t\t\t\t<div class=\"list-item-number font-subheading\"><\/div>\r\n\t\t\t\t<div class=\"list-item-content\">\r\n\t\t\t\t\t<h5 class=\"list-item-title font-subheading\">Chats<\/h5>\r\n\t\t\t\t\t\t\t\t\t<\/div>\r\n\t\t\t<\/li>\r\n\t\t\t\t\t<li class=\"ListItem\">\r\n\t\t\t\t<div class=\"list-item-number font-subheading\"><\/div>\r\n\t\t\t\t<div class=\"list-item-content\">\r\n\t\t\t\t\t<h5 class=\"list-item-title font-subheading\">Chiens<\/h5>\r\n\t\t\t\t\t\t\t\t\t<\/div>\r\n\t\t\t<\/li>\r\n\t\t\t\t\t<li class=\"ListItem\">\r\n\t\t\t\t<div class=\"list-item-number font-subheading\"><\/div>\r\n\t\t\t\t<div class=\"list-item-content\">\r\n\t\t\t\t\t<h5 class=\"list-item-title font-subheading\">Voitures<\/h5>\r\n\t\t\t\t\t\t\t\t\t<\/div>\r\n\t\t\t<\/li>\r\n\t\t\t\t\t<li class=\"ListItem\">\r\n\t\t\t\t<div class=\"list-item-number font-subheading\"><\/div>\r\n\t\t\t\t<div class=\"list-item-content\">\r\n\t\t\t\t\t<h5 class=\"list-item-title font-subheading\">Avions<\/h5>\r\n\t\t\t\t\t\t\t\t\t<\/div>\r\n\t\t\t<\/li>\r\n\t\t\t\t\t<li class=\"ListItem\">\r\n\t\t\t\t<div class=\"list-item-number font-subheading\"><\/div>\r\n\t\t\t\t<div class=\"list-item-content\">\r\n\t\t\t\t\t<h5 class=\"list-item-title font-subheading\">Maisons<\/h5>\r\n\t\t\t\t\t\t\t\t\t<\/div>\r\n\t\t\t<\/li>\r\n\t\t\t\t\t<li class=\"ListItem\">\r\n\t\t\t\t<div class=\"list-item-number font-subheading\"><\/div>\r\n\t\t\t\t<div class=\"list-item-content\">\r\n\t\t\t\t\t<h5 class=\"list-item-title font-subheading\">Gratte-ciel<\/h5>\r\n\t\t\t\t\t\t\t\t\t<\/div>\r\n\t\t\t<\/li>\r\n\t\t\t<\/ul>\r\n<\/div><\/p>\n","protected":false},"excerpt":{"rendered":"<p>\u00ab\u00a0Dessine et raconte\u00a0\u00bb pr\u00e9sente des mod\u00e8les de dessin facile \u00e0 reproduire et \u00e0 assembler. Il propose \u00e9galement un guide des couleurs et des \u00e9l\u00e9ments narratifs pour construire une histoire simple.<\/p>\n<p><img fetchpriority=\"high\" decoding=\"async\" class=\"alignnone wp-image-1141\" src=\"https:\/\/xophe.fr\/wp-content\/uploads\/2021\/07\/DR_BACK_Couverture_v4_90_150-1007x1024.jpg\" alt=\"Dessine et raconte\" width=\"600\" height=\"610\" srcset=\"https:\/\/xophe.fr\/wp-content\/uploads\/2021\/07\/DR_BACK_Couverture_v4_90_150-1007x1024.jpg 1007w, https:\/\/xophe.fr\/wp-content\/uploads\/2021\/07\/DR_BACK_Couverture_v4_90_150-295x300.jpg 295w, https:\/\/xophe.fr\/wp-content\/uploads\/2021\/07\/DR_BACK_Couverture_v4_90_150-768x781.jpg 768w, https:\/\/xophe.fr\/wp-content\/uploads\/2021\/07\/DR_BACK_Couverture_v4_90_150-12x12.jpg 12w, https:\/\/xophe.fr\/wp-content\/uploads\/2021\/07\/DR_BACK_Couverture_v4_90_150-700x712.jpg 700w, https:\/\/xophe.fr\/wp-content\/uploads\/2021\/07\/DR_BACK_Couverture_v4_90_150-393x400.jpg 393w, https:\/\/xophe.fr\/wp-content\/uploads\/2021\/07\/DR_BACK_Couverture_v4_90_150-688x700.jpg 688w, https:\/\/xophe.fr\/wp-content\/uploads\/2021\/07\/DR_BACK_Couverture_v4_90_150-1278x1300.jpg 1278w, https:\/\/xophe.fr\/wp-content\/uploads\/2021\/07\/DR_BACK_Couverture_v4_90_150-50x50.jpg 50w, https:\/\/xophe.fr\/wp-content\/uploads\/2021\/07\/DR_BACK_Couverture_v4_90_150.jpg 1292w\" sizes=\"(max-width: 600px) 100vw, 600px\" \/><\/p>\n","protected":false},"featured_media":1137,"template":"","meta":[],"product_cat":[44,60,43],"product_tag":[64,49,63,47,48],"class_list":{"0":"post-145","1":"product","2":"type-product","3":"status-publish","4":"has-post-thumbnail","6":"product_cat-dessin","7":"product_cat-dessine-et-raconte","8":"product_cat-enfants","9":"product_tag-apprendre-a-dessiner","10":"product_tag-colorier","11":"product_tag-dessin-facile","12":"product_tag-dessiner","13":"product_tag-raconter","15":"first","16":"instock","17":"featured","18":"taxable","19":"shipping-taxable","20":"product-type-external"},"acf":[],"_links":{"self":[{"href":"https:\/\/xophe.fr\/fr_fr\/wp-json\/wp\/v2\/product\/145","targetHints":{"allow":["GET"]}}],"collection":[{"href":"https:\/\/xophe.fr\/fr_fr\/wp-json\/wp\/v2\/product"}],"about":[{"href":"https:\/\/xophe.fr\/fr_fr\/wp-json\/wp\/v2\/types\/product"}],"wp:featuredmedia":[{"embeddable":true,"href":"https:\/\/xophe.fr\/fr_fr\/wp-json\/wp\/v2\/media\/1137"}],"wp:attachment":[{"href":"https:\/\/xophe.fr\/fr_fr\/wp-json\/wp\/v2\/media?parent=145"}],"wp:term":[{"taxonomy":"product_cat","embeddable":true,"href":"https:\/\/xophe.fr\/fr_fr\/wp-json\/wp\/v2\/product_cat?post=145"},{"taxonomy":"product_tag","embeddable":true,"href":"https:\/\/xophe.fr\/fr_fr\/wp-json\/wp\/v2\/product_tag?post=145"}],"curies":[{"name":"wp","href":"https:\/\/api.w.org\/{rel}","templated":true}]}}