{"id":152,"date":"2017-08-07T12:53:56","date_gmt":"2017-08-07T10:53:56","guid":{"rendered":"http:\/\/author.xophe.fr\/?post_type=product&#038;p=152"},"modified":"2022-10-15T11:49:28","modified_gmt":"2022-10-15T09:49:28","slug":"judith","status":"publish","type":"product","link":"https:\/\/xophe.fr\/fr_fr\/product\/judith\/","title":{"rendered":"Judith"},"content":{"rendered":"<p>Judith fait partie de la collection \u00ab R\u00e9cit Fantastique \u00bb, des r\u00e9cits courts au format poche.<\/p>\n","protected":false},"excerpt":{"rendered":"<p>Tous les condamn\u00e9s \u00e0 mort sont innocents. Le p\u00e8re Carlile qui les entend avant que la sentence ne soit ex\u00e9cut\u00e9e peut en attester.<\/p>\n<p>Lorsqu\u2019il se retrouve face \u00e0 Maxime Shriker, dit \u00ab\u2009Max le Fabuleux\u2009\u00bb, ce sont ses propres doutes qui l\u2019assaillent. Apr\u00e8s tout, s\u2019il ne lui avait pas sauv\u00e9 la vie, jamais ce magicien n\u2019aurait assassin\u00e9 le g\u00e9n\u00e9ral de Launay.<\/p>\n<p>Toutes les preuves d\u00e9signent Shriker coupable. Cette seule certitude bascule quand madame de Launay vient se confesser pour soulager son \u00e2me en peine et r\u00e9v\u00e9ler l\u2019incroyable vengeance dont elle est victime.<\/p>\n","protected":false},"featured_media":817,"template":"","meta":[],"product_cat":[41,59],"product_tag":[],"class_list":{"0":"post-152","1":"product","2":"type-product","3":"status-publish","4":"has-post-thumbnail","6":"product_cat-fantastique","7":"product_cat-recit-fantastique","9":"first","10":"instock","11":"taxable","12":"shipping-taxable","13":"product-type-external"},"acf":[],"_links":{"self":[{"href":"https:\/\/xophe.fr\/fr_fr\/wp-json\/wp\/v2\/product\/152","targetHints":{"allow":["GET"]}}],"collection":[{"href":"https:\/\/xophe.fr\/fr_fr\/wp-json\/wp\/v2\/product"}],"about":[{"href":"https:\/\/xophe.fr\/fr_fr\/wp-json\/wp\/v2\/types\/product"}],"wp:featuredmedia":[{"embeddable":true,"href":"https:\/\/xophe.fr\/fr_fr\/wp-json\/wp\/v2\/media\/817"}],"wp:attachment":[{"href":"https:\/\/xophe.fr\/fr_fr\/wp-json\/wp\/v2\/media?parent=152"}],"wp:term":[{"taxonomy":"product_cat","embeddable":true,"href":"https:\/\/xophe.fr\/fr_fr\/wp-json\/wp\/v2\/product_cat?post=152"},{"taxonomy":"product_tag","embeddable":true,"href":"https:\/\/xophe.fr\/fr_fr\/wp-json\/wp\/v2\/product_tag?post=152"}],"curies":[{"name":"wp","href":"https:\/\/api.w.org\/{rel}","templated":true}]}}