{"id":153,"date":"2017-08-07T12:54:34","date_gmt":"2017-08-07T10:54:34","guid":{"rendered":"http:\/\/author.xophe.fr\/?post_type=product&#038;p=153"},"modified":"2022-10-15T11:49:17","modified_gmt":"2022-10-15T09:49:17","slug":"le-reveilleur","status":"publish","type":"product","link":"https:\/\/xophe.fr\/fr_fr\/product\/le-reveilleur\/","title":{"rendered":"Le r\u00e9veilleur"},"content":{"rendered":"<p>Le R\u00e9veilleur fait partie de la collection \u00ab\u00a0R\u00e9cit Fantastique\u00a0\u00bb, des r\u00e9cits courts au format poche.<\/p>\n","protected":false},"excerpt":{"rendered":"<p>Un tueur en s\u00e9rie s\u2019adresse \u00e0 sa derni\u00e8re victime, Carlos, un retrait\u00e9 argentin qui vit dans une petite ville perdue de la cordill\u00e8re des Andes. Sa mort cl\u00f4turera un cycle de vingt-sept assassinats, \u0153uvre de toute une vie.<\/p>\n<p>Le R\u00e9veilleur, insensible aux atermoiements de son souffre-douleur, prend le temps de lui raconter son histoire.<\/p>\n<p>Elle commence par une merveilleuse journ\u00e9e d\u2019automne 1944.<\/p>\n<p>&nbsp;<\/p>\n<p>&nbsp;<\/p>\n<p>&nbsp;<\/p>\n","protected":false},"featured_media":816,"template":"","meta":[],"product_cat":[41,59],"product_tag":[],"class_list":{"0":"post-153","1":"product","2":"type-product","3":"status-publish","4":"has-post-thumbnail","6":"product_cat-fantastique","7":"product_cat-recit-fantastique","9":"first","10":"instock","11":"taxable","12":"shipping-taxable","13":"product-type-external"},"acf":[],"_links":{"self":[{"href":"https:\/\/xophe.fr\/fr_fr\/wp-json\/wp\/v2\/product\/153","targetHints":{"allow":["GET"]}}],"collection":[{"href":"https:\/\/xophe.fr\/fr_fr\/wp-json\/wp\/v2\/product"}],"about":[{"href":"https:\/\/xophe.fr\/fr_fr\/wp-json\/wp\/v2\/types\/product"}],"wp:featuredmedia":[{"embeddable":true,"href":"https:\/\/xophe.fr\/fr_fr\/wp-json\/wp\/v2\/media\/816"}],"wp:attachment":[{"href":"https:\/\/xophe.fr\/fr_fr\/wp-json\/wp\/v2\/media?parent=153"}],"wp:term":[{"taxonomy":"product_cat","embeddable":true,"href":"https:\/\/xophe.fr\/fr_fr\/wp-json\/wp\/v2\/product_cat?post=153"},{"taxonomy":"product_tag","embeddable":true,"href":"https:\/\/xophe.fr\/fr_fr\/wp-json\/wp\/v2\/product_tag?post=153"}],"curies":[{"name":"wp","href":"https:\/\/api.w.org\/{rel}","templated":true}]}}