{"id":154,"date":"2017-08-07T12:58:35","date_gmt":"2017-08-07T10:58:35","guid":{"rendered":"http:\/\/author.xophe.fr\/?post_type=product&#038;p=154"},"modified":"2024-04-15T15:18:47","modified_gmt":"2024-04-15T13:18:47","slug":"le-sacrifice-de-la-flamme","status":"publish","type":"product","link":"https:\/\/xophe.fr\/fr_fr\/product\/le-sacrifice-de-la-flamme\/","title":{"rendered":"Le sacrifice de la flamme"},"content":{"rendered":"<p>Dans le Paris des ann\u00e9es 30, Marcel vous emm\u00e8ne \u00e0 la recherche d&rsquo;un assassin qui noie ses victimes dans la Seine. Son enqu\u00eate le conduira \u00e0 faire des choix insens\u00e9s en se faisant passer pour ce qu&rsquo;il n&rsquo;est pas, ou&#8230; \u00e9tait&#8230; ou pensait \u00eatre&#8230;<\/p>\n<p>&nbsp;<\/p>\n<p>&nbsp;<\/p>\n<p>&nbsp;<\/p>\n","protected":false},"excerpt":{"rendered":"<p>Pour Marcel, se construire une petite vie routini\u00e8re est salvateur lorsqu\u2019on ignore qui l&rsquo;on est, qu&rsquo;on a besoin de rep\u00e8res, de gagner en autonomie, mais cela ne peut durer. Il y aura une rupture le jour o\u00f9, pendant sa promenade matinale, il observe la police sortir un cadavre de l\u2019eau. Des d\u00e9tails vont le perturber et l\u2019obs\u00e9der au point de prendre des risques inconsid\u00e9r\u00e9s pour enqu\u00eater. Tout semble se pr\u00e9cipiter quand il croisera, par hasard, la route d\u2019Alwine, une prostitu\u00e9e qu\u2019il essaiera de prot\u00e9ger face \u00e0 une bande de prox\u00e9n\u00e8tes qui souhaite la r\u00e9cup\u00e9rer. Ces deux grains de sables qui viennent gripper la machine bien huil\u00e9e de sa routine r\u00e9v\u00e9leront l\u2019<em>ana\u00efr\u00eas<\/em> qui se cache au fond de lui. Entre chaos et d\u00e9terminisme, il fera la cruelle exp\u00e9rience du libre arbitre&#8230;<\/p>\n<p>Le sacrifice de la flamme est le troisi\u00e8me volume de la s\u00e9rie Codex Memori\u00e6.<\/p>\n","protected":false},"featured_media":814,"template":"","meta":[],"product_cat":[42,41],"product_tag":[],"class_list":{"0":"post-154","1":"product","2":"type-product","3":"status-publish","4":"has-post-thumbnail","6":"product_cat-codex-memoriae","7":"product_cat-fantastique","9":"first","10":"instock","11":"taxable","12":"shipping-taxable","13":"product-type-external"},"acf":[],"_links":{"self":[{"href":"https:\/\/xophe.fr\/fr_fr\/wp-json\/wp\/v2\/product\/154","targetHints":{"allow":["GET"]}}],"collection":[{"href":"https:\/\/xophe.fr\/fr_fr\/wp-json\/wp\/v2\/product"}],"about":[{"href":"https:\/\/xophe.fr\/fr_fr\/wp-json\/wp\/v2\/types\/product"}],"wp:featuredmedia":[{"embeddable":true,"href":"https:\/\/xophe.fr\/fr_fr\/wp-json\/wp\/v2\/media\/814"}],"wp:attachment":[{"href":"https:\/\/xophe.fr\/fr_fr\/wp-json\/wp\/v2\/media?parent=154"}],"wp:term":[{"taxonomy":"product_cat","embeddable":true,"href":"https:\/\/xophe.fr\/fr_fr\/wp-json\/wp\/v2\/product_cat?post=154"},{"taxonomy":"product_tag","embeddable":true,"href":"https:\/\/xophe.fr\/fr_fr\/wp-json\/wp\/v2\/product_tag?post=154"}],"curies":[{"name":"wp","href":"https:\/\/api.w.org\/{rel}","templated":true}]}}