{"id":156,"date":"2017-08-07T13:01:14","date_gmt":"2017-08-07T11:01:14","guid":{"rendered":"http:\/\/author.xophe.fr\/?post_type=product&#038;p=156"},"modified":"2022-10-15T11:47:55","modified_gmt":"2022-10-15T09:47:55","slug":"le-sacrifice-des-ames-du-purgatoire","status":"publish","type":"product","link":"https:\/\/xophe.fr\/fr_fr\/product\/le-sacrifice-des-ames-du-purgatoire\/","title":{"rendered":"Le sacrifice des \u00e2mes du Purgatoire"},"content":{"rendered":"<p><img fetchpriority=\"high\" decoding=\"async\" class=\"wp-image-798 alignleft\" src=\"http:\/\/author.xophe.fr\/wp-content\/uploads\/2017\/08\/Pub_Sanitarium_Quine_SR-300x161.png\" alt=\"\" width=\"481\" height=\"258\" srcset=\"https:\/\/xophe.fr\/wp-content\/uploads\/2017\/08\/Pub_Sanitarium_Quine_SR-300x161.png 300w, https:\/\/xophe.fr\/wp-content\/uploads\/2017\/08\/Pub_Sanitarium_Quine_SR-700x375.png 700w, https:\/\/xophe.fr\/wp-content\/uploads\/2017\/08\/Pub_Sanitarium_Quine_SR-768x412.png 768w, https:\/\/xophe.fr\/wp-content\/uploads\/2017\/08\/Pub_Sanitarium_Quine_SR-16x9.png 16w, https:\/\/xophe.fr\/wp-content\/uploads\/2017\/08\/Pub_Sanitarium_Quine_SR-400x214.png 400w, https:\/\/xophe.fr\/wp-content\/uploads\/2017\/08\/Pub_Sanitarium_Quine_SR.png 1000w\" sizes=\"(max-width: 481px) 100vw, 481px\" \/>Bienvenue au sanitarium Quine !<\/p>\n<p>Cet \u00e9tablissement moderne replace l&rsquo;humain au c\u0153ur des pr\u00e9occupation m\u00e9dicales.<\/p>\n<p>C&rsquo;est avec plaisir que les docteurs Quine et Bonne vous accueilleront.<\/p>\n<p>&nbsp;<\/p>\n","protected":false},"excerpt":{"rendered":"<p>\u00ab Papillon dans la nuit, tel un enfant, j&rsquo;erre dans le vide qui m\u2019entoure, attir\u00e9 par des lumi\u00e8res qui se r\u00e9v\u00e8lent \u00e0 moi. \u00bb<\/p>\n<p>Un vagabond amn\u00e9sique est conduit au sanitarium local sp\u00e9cialis\u00e9 dans les troubles post-traumatiques de la Premi\u00e8re Guerre mondiale. Il n\u2019a aucune m\u00e9moire, ni pr\u00e9sente ni pass\u00e9e. Pour ne pas sombrer, il essaye de se raccrocher comme il peut \u00e0 tout ce qui l\u2019entoure dans l\u2019espoir de se construire une identit\u00e9, mais c\u2019est sans compter sur la rivalit\u00e9 de deux m\u00e9decins qui se cristallise \u00e0 son sujet.<\/p>\n<p>Il poursuit ainsi son cheminement mental dans une errance onirique teint\u00e9e de mythologie grecque avant de se trouver confront\u00e9 \u00e0 une r\u00e9alit\u00e9 brutale qui prend corps au travers de l\u2019\u00e9trange docteur Bonne.<\/p>\n<p>D\u00e9couvrez \u00ab\u00a0Le sacrifice des \u00e2mes du Purgatoire\u00a0\u00bb,\u00a0 un r\u00e9cit illustr\u00e9 par Sumit Roy.<\/p>\n","protected":false},"featured_media":795,"template":"","meta":[],"product_cat":[42,41],"product_tag":[],"class_list":{"0":"post-156","1":"product","2":"type-product","3":"status-publish","4":"has-post-thumbnail","6":"product_cat-codex-memoriae","7":"product_cat-fantastique","9":"first","10":"instock","11":"taxable","12":"shipping-taxable","13":"product-type-external"},"acf":[],"_links":{"self":[{"href":"https:\/\/xophe.fr\/fr_fr\/wp-json\/wp\/v2\/product\/156","targetHints":{"allow":["GET"]}}],"collection":[{"href":"https:\/\/xophe.fr\/fr_fr\/wp-json\/wp\/v2\/product"}],"about":[{"href":"https:\/\/xophe.fr\/fr_fr\/wp-json\/wp\/v2\/types\/product"}],"wp:featuredmedia":[{"embeddable":true,"href":"https:\/\/xophe.fr\/fr_fr\/wp-json\/wp\/v2\/media\/795"}],"wp:attachment":[{"href":"https:\/\/xophe.fr\/fr_fr\/wp-json\/wp\/v2\/media?parent=156"}],"wp:term":[{"taxonomy":"product_cat","embeddable":true,"href":"https:\/\/xophe.fr\/fr_fr\/wp-json\/wp\/v2\/product_cat?post=156"},{"taxonomy":"product_tag","embeddable":true,"href":"https:\/\/xophe.fr\/fr_fr\/wp-json\/wp\/v2\/product_tag?post=156"}],"curies":[{"name":"wp","href":"https:\/\/api.w.org\/{rel}","templated":true}]}}